{"id":1926,"date":"2021-11-23T19:36:43","date_gmt":"2021-11-23T18:36:43","guid":{"rendered":"https:\/\/www.failinlovenights.de\/?page_id=1926"},"modified":"2025-11-26T15:37:05","modified_gmt":"2025-11-26T14:37:05","slug":"locations","status":"publish","type":"page","link":"https:\/\/www.failinlovenights.de\/en\/locations\/","title":{"rendered":"Provide a location"},"content":{"rendered":"\t\t<div data-elementor-type=\"wp-page\" data-elementor-id=\"1926\" class=\"elementor elementor-1926\" data-elementor-post-type=\"page\">\n\t\t\t\t\t\t<section class=\"elementor-section elementor-top-section elementor-element elementor-element-0726011 elementor-section-boxed elementor-section-height-default elementor-section-height-default\" data-id=\"0726011\" data-element_type=\"section\" data-e-type=\"section\">\n\t\t\t\t\t\t<div class=\"elementor-container elementor-column-gap-default\">\n\t\t\t\t\t<div class=\"elementor-column elementor-col-100 elementor-top-column elementor-element elementor-element-015834f\" data-id=\"015834f\" data-element_type=\"column\" data-e-type=\"column\">\n\t\t\t<div class=\"elementor-widget-wrap elementor-element-populated\">\n\t\t\t\t\t\t<div class=\"elementor-element elementor-element-ea4709d elementor-widget elementor-widget-heading\" data-id=\"ea4709d\" data-element_type=\"widget\" data-e-type=\"widget\" data-widget_type=\"heading.default\">\n\t\t\t\t<div class=\"elementor-widget-container\">\n\t\t\t\t\t<h1 class=\"elementor-heading-title elementor-size-default\">Locations<\/h1>\t\t\t\t<\/div>\n\t\t\t\t<\/div>\n\t\t\t\t<div class=\"elementor-element elementor-element-e783101 elementor-widget elementor-widget-text-editor\" data-id=\"e783101\" data-element_type=\"widget\" data-e-type=\"widget\" data-widget_type=\"text-editor.default\">\n\t\t\t\t<div class=\"elementor-widget-container\">\n\t\t\t\t\t\t\t\t\t<p>Die FAIL IN LOVE NIGHTS &#8211; Stories vom Scheitern in der Liebe sind neue, innovative Storytelling-Events, die neues Publikum anziehen und deiner Stammkundschaft Abwechslung bieten. Super, dass du Interesse daran hast die Show in deiner Location selbst zu hosten und davon zu profitieren!\u00a0<\/p><p>Vereinbare jetzt ein unverbindliches Gespr\u00e4ch mit mir. Bitte erz\u00e4hle mir vorab schon mal ein bisschen was \u00fcber dich.<\/p>\t\t\t\t\t\t\t\t<\/div>\n\t\t\t\t<\/div>\n\t\t\t\t<div class=\"elementor-element elementor-element-51ddb38 elementor-widget elementor-widget-image\" data-id=\"51ddb38\" data-element_type=\"widget\" data-e-type=\"widget\" data-widget_type=\"image.default\">\n\t\t\t\t<div class=\"elementor-widget-container\">\n\t\t\t\t\t\t\t\t\t\t\t\t\t\t\t<img fetchpriority=\"high\" decoding=\"async\" width=\"2560\" height=\"1707\" src=\"https:\/\/www.failinlovenights.de\/wp-content\/uploads\/2024\/04\/DSC04813-Kopie-scaled.jpg\" class=\"attachment-full size-full wp-image-3507\" alt=\"\" srcset=\"https:\/\/www.failinlovenights.de\/wp-content\/uploads\/2024\/04\/DSC04813-Kopie-scaled.jpg 2560w, https:\/\/www.failinlovenights.de\/wp-content\/uploads\/2024\/04\/DSC04813-Kopie-300x200.jpg 300w, https:\/\/www.failinlovenights.de\/wp-content\/uploads\/2024\/04\/DSC04813-Kopie-1024x683.jpg 1024w, https:\/\/www.failinlovenights.de\/wp-content\/uploads\/2024\/04\/DSC04813-Kopie-768x512.jpg 768w, https:\/\/www.failinlovenights.de\/wp-content\/uploads\/2024\/04\/DSC04813-Kopie-1536x1024.jpg 1536w, https:\/\/www.failinlovenights.de\/wp-content\/uploads\/2024\/04\/DSC04813-Kopie-2048x1365.jpg 2048w, https:\/\/www.failinlovenights.de\/wp-content\/uploads\/2024\/04\/DSC04813-Kopie-18x12.jpg 18w, https:\/\/www.failinlovenights.de\/wp-content\/uploads\/2024\/04\/DSC04813-Kopie-1568x1045.jpg 1568w\" sizes=\"(max-width: 2560px) 100vw, 2560px\" \/>\t\t\t\t\t\t\t\t\t\t\t\t\t\t\t<\/div>\n\t\t\t\t<\/div>\n\t\t\t\t<div class=\"elementor-element elementor-element-11525c3 elementor-widget__width-initial elementor-button-align-stretch elementor-widget elementor-widget-form\" data-id=\"11525c3\" data-element_type=\"widget\" data-e-type=\"widget\" data-settings=\"{&quot;step_next_label&quot;:&quot;N\\u00e4chster&quot;,&quot;step_previous_label&quot;:&quot;Voriger&quot;,&quot;step_type&quot;:&quot;number&quot;,&quot;step_icon_shape&quot;:&quot;none&quot;,&quot;button_width&quot;:&quot;100&quot;}\" data-widget_type=\"form.default\">\n\t\t\t\t<div class=\"elementor-widget-container\">\n\t\t\t\t\t\t\t<form class=\"elementor-form\" method=\"post\" name=\"Neues Formular\" aria-label=\"Neues Formular\">\n\t\t\t<input type=\"hidden\" name=\"post_id\" value=\"1926\"\/>\n\t\t\t<input type=\"hidden\" name=\"form_id\" value=\"11525c3\"\/>\n\t\t\t<input type=\"hidden\" name=\"referer_title\" value=\"Locations - FAIL IN LOVE NIGHTS\" \/>\n\n\t\t\t\t\t\t\t<input type=\"hidden\" name=\"queried_id\" value=\"1926\"\/>\n\t\t\t\n\t\t\t<div class=\"elementor-form-fields-wrapper elementor-labels-above\">\n\t\t\t\t\t\t\t\t<div class=\"elementor-field-type-step elementor-field-group elementor-column elementor-field-group-field_9c85d19 elementor-col-100\">\n\t\t\t\t\t\t\t<div class=\"e-field-step elementor-hidden\" data-label=\"Wer bist du?\" data-previousButton=\"\" data-nextButton=\"\" data-iconUrl=\"\" data-iconLibrary=\"fas fa-star\" data-icon=\"\" ><\/div>\n\n\t\t\t\t\t\t<\/div>\n\t\t\t\t\t\t\t\t<div class=\"elementor-field-type-text elementor-field-group elementor-column elementor-field-group-name elementor-col-50 elementor-field-required elementor-mark-required\">\n\t\t\t\t\t\t\t\t\t\t\t\t<label for=\"form-field-name\" class=\"elementor-field-label\">\n\t\t\t\t\t\t\t\tVorname\t\t\t\t\t\t\t<\/label>\n\t\t\t\t\t\t\t\t\t\t\t\t\t\t<input size=\"1\" type=\"text\" name=\"form_fields[name]\" id=\"form-field-name\" class=\"elementor-field elementor-size-sm  elementor-field-textual\" required=\"required\">\n\t\t\t\t\t\t\t\t\t\t\t<\/div>\n\t\t\t\t\t\t\t\t<div class=\"elementor-field-type-text elementor-field-group elementor-column elementor-field-group-field_5d3cb56 elementor-col-50 elementor-field-required elementor-mark-required\">\n\t\t\t\t\t\t\t\t\t\t\t\t<label for=\"form-field-field_5d3cb56\" class=\"elementor-field-label\">\n\t\t\t\t\t\t\t\tNachname\t\t\t\t\t\t\t<\/label>\n\t\t\t\t\t\t\t\t\t\t\t\t\t\t<input size=\"1\" type=\"text\" name=\"form_fields[field_5d3cb56]\" id=\"form-field-field_5d3cb56\" class=\"elementor-field elementor-size-sm  elementor-field-textual\" required=\"required\">\n\t\t\t\t\t\t\t\t\t\t\t<\/div>\n\t\t\t\t\t\t\t\t<div class=\"elementor-field-type-text elementor-field-group elementor-column elementor-field-group-field_15a4bfa elementor-col-50\">\n\t\t\t\t\t\t\t\t\t\t\t\t<label for=\"form-field-field_15a4bfa\" class=\"elementor-field-label\">\n\t\t\t\t\t\t\t\tAlter\t\t\t\t\t\t\t<\/label>\n\t\t\t\t\t\t\t\t\t\t\t\t\t\t<input size=\"1\" type=\"text\" name=\"form_fields[field_15a4bfa]\" id=\"form-field-field_15a4bfa\" class=\"elementor-field elementor-size-sm  elementor-field-textual\">\n\t\t\t\t\t\t\t\t\t\t\t<\/div>\n\t\t\t\t\t\t\t\t<div class=\"elementor-field-type-text elementor-field-group elementor-column elementor-field-group-field_bf3465e elementor-col-50\">\n\t\t\t\t\t\t\t\t\t\t\t\t<label for=\"form-field-field_bf3465e\" class=\"elementor-field-label\">\n\t\t\t\t\t\t\t\tGeschlecht\t\t\t\t\t\t\t<\/label>\n\t\t\t\t\t\t\t\t\t\t\t\t\t\t<input size=\"1\" type=\"text\" name=\"form_fields[field_bf3465e]\" id=\"form-field-field_bf3465e\" class=\"elementor-field elementor-size-sm  elementor-field-textual\">\n\t\t\t\t\t\t\t\t\t\t\t<\/div>\n\t\t\t\t\t\t\t\t<div class=\"elementor-field-type-tel elementor-field-group elementor-column elementor-field-group-field_075d7b5 elementor-col-50\">\n\t\t\t\t\t\t\t\t\t\t\t\t<label for=\"form-field-field_075d7b5\" class=\"elementor-field-label\">\n\t\t\t\t\t\t\t\tTelefon\t\t\t\t\t\t\t<\/label>\n\t\t\t\t\t\t\t\t<input size=\"1\" type=\"tel\" name=\"form_fields[field_075d7b5]\" id=\"form-field-field_075d7b5\" class=\"elementor-field elementor-size-sm  elementor-field-textual\" pattern=\"[0-9()#&amp;+*-=.]+\" title=\"Nur Nummern oder Telefon-Zeichen (#, -, *, etc) werden akzeptiert.\">\n\n\t\t\t\t\t\t<\/div>\n\t\t\t\t\t\t\t\t<div class=\"elementor-field-type-email elementor-field-group elementor-column elementor-field-group-email elementor-col-50 elementor-field-required elementor-mark-required\">\n\t\t\t\t\t\t\t\t\t\t\t\t<label for=\"form-field-email\" class=\"elementor-field-label\">\n\t\t\t\t\t\t\t\tE-Mail\t\t\t\t\t\t\t<\/label>\n\t\t\t\t\t\t\t\t\t\t\t\t\t\t<input size=\"1\" type=\"email\" name=\"form_fields[email]\" id=\"form-field-email\" class=\"elementor-field elementor-size-sm  elementor-field-textual\" required=\"required\">\n\t\t\t\t\t\t\t\t\t\t\t<\/div>\n\t\t\t\t\t\t\t\t<div class=\"elementor-field-type-step elementor-field-group elementor-column elementor-field-group-field_7319551 elementor-col-100\">\n\t\t\t\t\t\t\t<div class=\"e-field-step elementor-hidden\" data-label=\"Name deiner Location\" data-previousButton=\"\" data-nextButton=\"\" data-iconUrl=\"\" data-iconLibrary=\"fas fa-star\" data-icon=\"\" ><\/div>\n\n\t\t\t\t\t\t<\/div>\n\t\t\t\t\t\t\t\t<div class=\"elementor-field-type-text elementor-field-group elementor-column elementor-field-group-field_f3b1b29 elementor-col-50 elementor-field-required elementor-mark-required\">\n\t\t\t\t\t\t\t\t\t\t\t\t<label for=\"form-field-field_f3b1b29\" class=\"elementor-field-label\">\n\t\t\t\t\t\t\t\tName der Location\t\t\t\t\t\t\t<\/label>\n\t\t\t\t\t\t\t\t\t\t\t\t\t\t<input size=\"1\" type=\"text\" name=\"form_fields[field_f3b1b29]\" id=\"form-field-field_f3b1b29\" class=\"elementor-field elementor-size-sm  elementor-field-textual\" required=\"required\">\n\t\t\t\t\t\t\t\t\t\t\t<\/div>\n\t\t\t\t\t\t\t\t<div class=\"elementor-field-type-select elementor-field-group elementor-column elementor-field-group-message elementor-col-50\">\n\t\t\t\t\t\t\t\t\t\t\t\t<label for=\"form-field-message\" class=\"elementor-field-label\">\n\t\t\t\t\t\t\t\tArt der Location\t\t\t\t\t\t\t<\/label>\n\t\t\t\t\t\t\t\t<div class=\"elementor-field elementor-select-wrapper remove-before \">\n\t\t\t<div class=\"select-caret-down-wrapper\">\n\t\t\t\t<i aria-hidden=\"true\" class=\"eicon-caret-down\"><\/i>\t\t\t<\/div>\n\t\t\t<select name=\"form_fields[message]\" id=\"form-field-message\" class=\"elementor-field-textual elementor-size-sm\">\n\t\t\t\t\t\t\t\t\t<option value=\"Caf\u00e9\">Caf\u00e9<\/option>\n\t\t\t\t\t\t\t\t\t<option value=\"Bar\">Bar<\/option>\n\t\t\t\t\t\t\t\t\t<option value=\"Club\">Club<\/option>\n\t\t\t\t\t\t\t\t\t<option value=\"B\u00fcrgerhaus\">B\u00fcrgerhaus<\/option>\n\t\t\t\t\t\t\t\t\t<option value=\"Vereinsheim\">Vereinsheim<\/option>\n\t\t\t\t\t\t\t\t\t<option value=\"Private Location\">Private Location<\/option>\n\t\t\t\t\t\t\t\t\t<option value=\"Weiteres\">Weiteres<\/option>\n\t\t\t\t\t\t\t<\/select>\n\t\t<\/div>\n\t\t\t\t\t\t<\/div>\n\t\t\t\t\t\t\t\t<div class=\"elementor-field-type-text elementor-field-group elementor-column elementor-field-group-field_fb97a01 elementor-col-100\">\n\t\t\t\t\t\t\t\t\t\t\t\t<label for=\"form-field-field_fb97a01\" class=\"elementor-field-label\">\n\t\t\t\t\t\t\t\tWo ist deine Location?\t\t\t\t\t\t\t<\/label>\n\t\t\t\t\t\t\t\t\t\t\t\t\t\t<input size=\"1\" type=\"text\" name=\"form_fields[field_fb97a01]\" id=\"form-field-field_fb97a01\" class=\"elementor-field elementor-size-sm  elementor-field-textual\">\n\t\t\t\t\t\t\t\t\t\t\t<\/div>\n\t\t\t\t\t\t\t\t<div class=\"elementor-field-type-acceptance elementor-field-group elementor-column elementor-field-group-field_0984e80 elementor-col-100\">\n\t\t\t\t\t\t\t\t\t\t\t\t<label for=\"form-field-field_0984e80\" class=\"elementor-field-label\">\n\t\t\t\t\t\t\t\tIst B\u00fchnenequipment vorhaden?\t\t\t\t\t\t\t<\/label>\n\t\t\t\t\t\t\t\t<div class=\"elementor-field-subgroup\">\n\t\t\t<span class=\"elementor-field-option\">\n\t\t\t\t<input type=\"checkbox\" name=\"form_fields[field_0984e80]\" id=\"form-field-field_0984e80\" class=\"elementor-field elementor-size-sm  elementor-acceptance-field\">\n\t\t\t\t<label for=\"form-field-field_0984e80\">Ja, mindestens 2 Mikros, Mikrost\u00e4nder, Tontechnik mit Lautsprechern<\/label>\t\t\t<\/span>\n\t\t<\/div>\n\t\t\t\t\t\t<\/div>\n\t\t\t\t\t\t\t\t<div class=\"elementor-field-type-step elementor-field-group elementor-column elementor-field-group-field_43f2a1c elementor-col-100\">\n\t\t\t\t\t\t\t<div class=\"e-field-step elementor-hidden\" data-label=\"Warum m\u00f6chtest du die FAIL IN LOVE NIGHTS hosten?\" data-previousButton=\"\" data-nextButton=\"\" data-iconUrl=\"\" data-iconLibrary=\"fas fa-star\" data-icon=\"\" ><\/div>\n\n\t\t\t\t\t\t<\/div>\n\t\t\t\t\t\t\t\t<div class=\"elementor-field-type-textarea elementor-field-group elementor-column elementor-field-group-field_5427bb7 elementor-col-100 elementor-field-required elementor-mark-required\">\n\t\t\t\t\t\t\t\t\t\t\t\t<label for=\"form-field-field_5427bb7\" class=\"elementor-field-label\">\n\t\t\t\t\t\t\t\tWarum m\u00f6chtest du die FAIL IN LOVE NIGHTS hosten?\t\t\t\t\t\t\t<\/label>\n\t\t\t\t\t\t<textarea class=\"elementor-field-textual elementor-field  elementor-size-sm\" name=\"form_fields[field_5427bb7]\" id=\"form-field-field_5427bb7\" rows=\"4\" required=\"required\"><\/textarea>\t\t\t\t<\/div>\n\t\t\t\t\t\t\t\t<div class=\"elementor-field-group elementor-column elementor-field-type-submit elementor-col-100 e-form__buttons\">\n\t\t\t\t\t<button class=\"elementor-button elementor-size-sm\" type=\"submit\">\n\t\t\t\t\t\t<span class=\"elementor-button-content-wrapper\">\n\t\t\t\t\t\t\t\t\t\t\t\t\t\t\t\t\t\t\t\t\t\t<span class=\"elementor-button-text\">Senden<\/span>\n\t\t\t\t\t\t\t\t\t\t\t\t\t<\/span>\n\t\t\t\t\t<\/button>\n\t\t\t\t<\/div>\n\t\t\t<\/div>\n\t\t<\/form>\n\t\t\t\t\t\t<\/div>\n\t\t\t\t<\/div>\n\t\t\t\t\t<\/div>\n\t\t<\/div>\n\t\t\t\t\t<\/div>\n\t\t<\/section>\n\t\t\t\t<\/div>\n\t\t","protected":false},"excerpt":{"rendered":"<p>Locations The FAIL IN LOVE NIGHTS - Stories of Failure in Love are new, innovative storytelling events that attract new audiences and offer variety to your regular clientele. Great that you're interested in hosting the show in your location yourself and profiting from it!  Arrange a no-obligation meeting with me now. Please tell me in advance ... <\/p>\n<p class=\"link-more\"><a href=\"https:\/\/www.failinlovenights.de\/en\/locations\/\" class=\"more-link\">Continue reading<span class=\"screen-reader-text\"> \"Locations\"<\/span><\/a><\/p>","protected":false},"author":4,"featured_media":0,"parent":0,"menu_order":0,"comment_status":"closed","ping_status":"closed","template":"elementor_header_footer","meta":{"_acf_changed":false,"inline_featured_image":false,"footnotes":""},"class_list":["post-1926","page","type-page","status-publish","hentry","entry"],"acf":[],"yoast_head":"<!-- This site is optimized with the Yoast SEO plugin v27.5 - https:\/\/yoast.com\/product\/yoast-seo-wordpress\/ -->\n<title>Locations - FAIL IN LOVE NIGHTS<\/title>\n<meta name=\"description\" content=\"Lade jetzt die FAIL IN LOVE NIGHTS Community in deine Location ein und bring damit die Magie der Show an dein Publikum!\" \/>\n<meta name=\"robots\" content=\"index, follow, max-snippet:-1, max-image-preview:large, max-video-preview:-1\" \/>\n<link rel=\"canonical\" href=\"https:\/\/www.failinlovenights.de\/en\/locations\/\" \/>\n<meta property=\"og:locale\" content=\"en_US\" \/>\n<meta property=\"og:type\" content=\"article\" \/>\n<meta property=\"og:title\" content=\"Locations - FAIL IN LOVE NIGHTS\" \/>\n<meta property=\"og:description\" content=\"Lade jetzt die FAIL IN LOVE NIGHTS Community in deine Location ein und bring damit die Magie der Show an dein Publikum!\" \/>\n<meta property=\"og:url\" content=\"https:\/\/www.failinlovenights.de\/en\/locations\/\" \/>\n<meta property=\"og:site_name\" content=\"FAIL IN LOVE NIGHTS\" \/>\n<meta property=\"article:modified_time\" content=\"2025-11-26T14:37:05+00:00\" \/>\n<meta property=\"og:image\" content=\"https:\/\/www.failinlovenights.de\/wp-content\/uploads\/2024\/04\/DSC04813-Kopie-scaled.jpg\" \/>\n\t<meta property=\"og:image:width\" content=\"2560\" \/>\n\t<meta property=\"og:image:height\" content=\"1707\" \/>\n\t<meta property=\"og:image:type\" content=\"image\/jpeg\" \/>\n<meta name=\"twitter:card\" content=\"summary_large_image\" \/>\n<meta name=\"twitter:label1\" content=\"Est. reading time\" \/>\n\t<meta name=\"twitter:data1\" content=\"1 minute\" \/>\n<script type=\"application\/ld+json\" class=\"yoast-schema-graph\">{\"@context\":\"https:\\\/\\\/schema.org\",\"@graph\":[{\"@type\":\"WebPage\",\"@id\":\"https:\\\/\\\/www.failinlovenights.de\\\/locations\\\/\",\"url\":\"https:\\\/\\\/www.failinlovenights.de\\\/locations\\\/\",\"name\":\"Locations - FAIL IN LOVE NIGHTS\",\"isPartOf\":{\"@id\":\"https:\\\/\\\/www.failinlovenights.de\\\/#website\"},\"primaryImageOfPage\":{\"@id\":\"https:\\\/\\\/www.failinlovenights.de\\\/locations\\\/#primaryimage\"},\"image\":{\"@id\":\"https:\\\/\\\/www.failinlovenights.de\\\/locations\\\/#primaryimage\"},\"thumbnailUrl\":\"https:\\\/\\\/www.failinlovenights.de\\\/wp-content\\\/uploads\\\/2024\\\/04\\\/DSC04813-Kopie-scaled.jpg\",\"datePublished\":\"2021-11-23T18:36:43+00:00\",\"dateModified\":\"2025-11-26T14:37:05+00:00\",\"description\":\"Lade jetzt die FAIL IN LOVE NIGHTS Community in deine Location ein und bring damit die Magie der Show an dein Publikum!\",\"breadcrumb\":{\"@id\":\"https:\\\/\\\/www.failinlovenights.de\\\/locations\\\/#breadcrumb\"},\"inLanguage\":\"en-US\",\"potentialAction\":[{\"@type\":\"ReadAction\",\"target\":[\"https:\\\/\\\/www.failinlovenights.de\\\/locations\\\/\"]}]},{\"@type\":\"ImageObject\",\"inLanguage\":\"en-US\",\"@id\":\"https:\\\/\\\/www.failinlovenights.de\\\/locations\\\/#primaryimage\",\"url\":\"https:\\\/\\\/www.failinlovenights.de\\\/wp-content\\\/uploads\\\/2024\\\/04\\\/DSC04813-Kopie-scaled.jpg\",\"contentUrl\":\"https:\\\/\\\/www.failinlovenights.de\\\/wp-content\\\/uploads\\\/2024\\\/04\\\/DSC04813-Kopie-scaled.jpg\"},{\"@type\":\"BreadcrumbList\",\"@id\":\"https:\\\/\\\/www.failinlovenights.de\\\/locations\\\/#breadcrumb\",\"itemListElement\":[{\"@type\":\"ListItem\",\"position\":1,\"name\":\"Startseite\",\"item\":\"https:\\\/\\\/www.failinlovenights.de\\\/\"},{\"@type\":\"ListItem\",\"position\":2,\"name\":\"Locations\"}]},{\"@type\":\"WebSite\",\"@id\":\"https:\\\/\\\/www.failinlovenights.de\\\/#website\",\"url\":\"https:\\\/\\\/www.failinlovenights.de\\\/\",\"name\":\"FAIL IN LOVE NIGHTS\",\"description\":\"Stories vom Scheitern in der Liebe\",\"potentialAction\":[{\"@type\":\"SearchAction\",\"target\":{\"@type\":\"EntryPoint\",\"urlTemplate\":\"https:\\\/\\\/www.failinlovenights.de\\\/?s={search_term_string}\"},\"query-input\":{\"@type\":\"PropertyValueSpecification\",\"valueRequired\":true,\"valueName\":\"search_term_string\"}}],\"inLanguage\":\"en-US\"}]}<\/script>\n<!-- \/ Yoast SEO plugin. -->","yoast_head_json":{"title":"Locations - FAIL IN LOVE NIGHTS","description":"Invite the FAIL IN LOVE NIGHTS community to your venue now and bring the magic of the show to your audience!","robots":{"index":"index","follow":"follow","max-snippet":"max-snippet:-1","max-image-preview":"max-image-preview:large","max-video-preview":"max-video-preview:-1"},"canonical":"https:\/\/www.failinlovenights.de\/en\/locations\/","og_locale":"en_US","og_type":"article","og_title":"Locations - FAIL IN LOVE NIGHTS","og_description":"Lade jetzt die FAIL IN LOVE NIGHTS Community in deine Location ein und bring damit die Magie der Show an dein Publikum!","og_url":"https:\/\/www.failinlovenights.de\/en\/locations\/","og_site_name":"FAIL IN LOVE NIGHTS","article_modified_time":"2025-11-26T14:37:05+00:00","og_image":[{"width":2560,"height":1707,"url":"https:\/\/www.failinlovenights.de\/wp-content\/uploads\/2024\/04\/DSC04813-Kopie-scaled.jpg","type":"image\/jpeg"}],"twitter_card":"summary_large_image","twitter_misc":{"Est. reading time":"1 minute"},"schema":{"@context":"https:\/\/schema.org","@graph":[{"@type":"WebPage","@id":"https:\/\/www.failinlovenights.de\/locations\/","url":"https:\/\/www.failinlovenights.de\/locations\/","name":"Locations - FAIL IN LOVE NIGHTS","isPartOf":{"@id":"https:\/\/www.failinlovenights.de\/#website"},"primaryImageOfPage":{"@id":"https:\/\/www.failinlovenights.de\/locations\/#primaryimage"},"image":{"@id":"https:\/\/www.failinlovenights.de\/locations\/#primaryimage"},"thumbnailUrl":"https:\/\/www.failinlovenights.de\/wp-content\/uploads\/2024\/04\/DSC04813-Kopie-scaled.jpg","datePublished":"2021-11-23T18:36:43+00:00","dateModified":"2025-11-26T14:37:05+00:00","description":"Invite the FAIL IN LOVE NIGHTS community to your venue now and bring the magic of the show to your audience!","breadcrumb":{"@id":"https:\/\/www.failinlovenights.de\/locations\/#breadcrumb"},"inLanguage":"en-US","potentialAction":[{"@type":"ReadAction","target":["https:\/\/www.failinlovenights.de\/locations\/"]}]},{"@type":"ImageObject","inLanguage":"en-US","@id":"https:\/\/www.failinlovenights.de\/locations\/#primaryimage","url":"https:\/\/www.failinlovenights.de\/wp-content\/uploads\/2024\/04\/DSC04813-Kopie-scaled.jpg","contentUrl":"https:\/\/www.failinlovenights.de\/wp-content\/uploads\/2024\/04\/DSC04813-Kopie-scaled.jpg"},{"@type":"BreadcrumbList","@id":"https:\/\/www.failinlovenights.de\/locations\/#breadcrumb","itemListElement":[{"@type":"ListItem","position":1,"name":"Startseite","item":"https:\/\/www.failinlovenights.de\/"},{"@type":"ListItem","position":2,"name":"Locations"}]},{"@type":"WebSite","@id":"https:\/\/www.failinlovenights.de\/#website","url":"https:\/\/www.failinlovenights.de\/","name":"FAIL IN LOVE NIGHTS","description":"Stories of failure in love","potentialAction":[{"@type":"SearchAction","target":{"@type":"EntryPoint","urlTemplate":"https:\/\/www.failinlovenights.de\/?s={search_term_string}"},"query-input":{"@type":"PropertyValueSpecification","valueRequired":true,"valueName":"search_term_string"}}],"inLanguage":"en-US"}]}},"_links":{"self":[{"href":"https:\/\/www.failinlovenights.de\/en\/wp-json\/wp\/v2\/pages\/1926","targetHints":{"allow":["GET"]}}],"collection":[{"href":"https:\/\/www.failinlovenights.de\/en\/wp-json\/wp\/v2\/pages"}],"about":[{"href":"https:\/\/www.failinlovenights.de\/en\/wp-json\/wp\/v2\/types\/page"}],"author":[{"embeddable":true,"href":"https:\/\/www.failinlovenights.de\/en\/wp-json\/wp\/v2\/users\/4"}],"replies":[{"embeddable":true,"href":"https:\/\/www.failinlovenights.de\/en\/wp-json\/wp\/v2\/comments?post=1926"}],"version-history":[{"count":66,"href":"https:\/\/www.failinlovenights.de\/en\/wp-json\/wp\/v2\/pages\/1926\/revisions"}],"predecessor-version":[{"id":4198,"href":"https:\/\/www.failinlovenights.de\/en\/wp-json\/wp\/v2\/pages\/1926\/revisions\/4198"}],"wp:attachment":[{"href":"https:\/\/www.failinlovenights.de\/en\/wp-json\/wp\/v2\/media?parent=1926"}],"curies":[{"name":"wp","href":"https:\/\/api.w.org\/{rel}","templated":true}]}}